{"id":257,"date":"2025-08-10T15:59:18","date_gmt":"2025-08-10T15:59:18","guid":{"rendered":"http:\/\/www.azunlarenerji.com\/?page_id=257"},"modified":"2025-08-17T21:25:26","modified_gmt":"2025-08-17T21:25:26","slug":"hakkimizda","status":"publish","type":"page","link":"https:\/\/www.azunlarenerji.com\/?page_id=257","title":{"rendered":"Hakk\u0131m\u0131zda"},"content":{"rendered":"<h2>Biz Neler Yapt\u0131k ?<\/h2>\n<h2>Hakk\u0131m\u0131zda<\/h2>\n<h2>Profesyonel ve Uzman Solar Enerji Sistemleri<\/h2>\n<p>Azunlar Solar Enerji Sistemleri, \u00fclkemizde ve d\u00fcnyada, do\u011fay\u0131 ve canl\u0131lar\u0131 korumak ve de \u00e7evre kirlili\u011finin \u00f6n\u00fcne ge\u00e7mek ad\u0131na yenilenebilir enerji sekt\u00f6r\u00fcnde yerini alm\u0131\u015f ve aktif olarak projelerde faaliyet g\u00f6stermeye devam eden bir kurulu\u015ftur. Azunlar Enerji yenilenebilir enerji kaynaklar\u0131 \u00fczerine uzmanla\u015fan 7 y\u0131ll\u0131k sekt\u00f6r tecr\u00fcbesi olan gen\u00e7 ve dinamik bir kurulu\u015ftur.G\u00fcne\u015f enerjisi santral yat\u0131r\u0131m\u0131 ve \u00e7evreci \u00e7\u00f6z\u00fcmlerin adresi Azunlar Enerji Solar Sistemleri, anahtar teslim GES projeleri kurarak, her proje i\u00e7in \u00f6zel \u00e7\u00f6z\u00fcmler geli\u015ftirerek ve hizmet kalitesini s\u00fcrekli artt\u0131rarak, yenilik\u00e7i ve yarat\u0131c\u0131 sonu\u00e7lara ula\u015fmaktad\u0131r.<br \/>Azunlar Enerji Solar Sistemler i\u00e7in saha ve \u00e7at\u0131 uygulamalar\u0131nda proje, konstr\u00fcksiyon, betonlama, zemine \u00e7akma, PV panel montaj, inverter montaj, DC kablolama, YG kablolama ve montaj, YG trafo konular\u0131nda hizmet vermektedir.T\u00fcm projelerini ayn\u0131 titizlik ve disiplinle ele alan Azunlar Enerji Solar Sistemleri \u00fclkemizin hemen her b\u00f6lgesinde g\u00fc\u00e7l\u00fc referanslara sahip olmakla beraber, proje a\u015famalar\u0131nda da en \u00fcst d\u00fczey disiplinle en verimli sonu\u00e7 i\u00e7in ilk g\u00fcnden bu yana son kullan\u0131c\u0131ya destek vermektedir. Alan\u0131nda deneyimli ve uzman m\u00fchendisleriyle birlikte proje s\u00fcrecine ba\u011fl\u0131 kal\u0131narak projeler teslim edilmektedir.<\/p>\n<h6><a href=\"tel:+90%20532%20342%209838\">Yard\u0131ma m\u0131 ihtiyac\u0131n\u0131z var? Bize ula\u015f\u0131n<\/a><\/h6>\n<p>+90 (530) 941 87 04<\/p>\n<p>\t\t\t\t\t\t\t\t\t\t\t\t\t<img loading=\"lazy\" decoding=\"async\" width=\"1024\" height=\"603\" src=\"https:\/\/www.azunlarenerji.com\/wp-content\/uploads\/2025\/08\/3.png\" alt=\"\" \/>\t\t\t\t\t\t\t\t\t\t\t\t\t\t\t\t<\/p>\n<h2>Biz Neler Yapt\u0131k ?<\/h2>\n<h6>Azunlar Solar Enerji Sistemleri, \u00fclkemizde ve d\u00fcnyada, do\u011fay\u0131 ve canl\u0131lar\u0131 korumak ve de \u00e7evre kirlili\u011finin \u00f6n\u00fcne ge\u00e7mek ad\u0131na yenilenebilir enerji sekt\u00f6r\u00fcnde yerini alm\u0131\u015f ve aktif olarak projelerde faaliyet g\u00f6stermeye devam eden bir kurulu\u015ftur.<\/h6>\n<h2>Vizyonumuz<\/h2>\n<h6>Gelecek nesillere daha ya\u015fanabilir bir d\u00fcnya b\u0131rakmak i\u00e7in, temiz ve s\u00fcrd\u00fcr\u00fclebilir enerji kaynaklar\u0131n\u0131 yayg\u0131nla\u015ft\u0131rmay\u0131 hedefliyoruz.<\/h6>\n<h2>Misyonumuz<\/h2>\n<h6>\u00a0G\u00fcne\u015fin s\u0131n\u0131rs\u0131z g\u00fcc\u00fcn\u00fc en verimli \u015fekilde kullanarak, yat\u0131r\u0131mc\u0131lar\u0131m\u0131z\u0131n enerji ihtiya\u00e7lar\u0131na yenilik\u00e7i ve g\u00fcvenilir \u00e7\u00f6z\u00fcmler sunuyoruz.<\/h6>\n<h2>Neden Biz?<br \/>\n<\/h2>\n<h6>Alan\u0131nda uzman m\u00fchendis kadromuz, d\u00fcnya standartlar\u0131nda ekipmanlar\u0131m\u0131z ve m\u00fc\u015fteri odakl\u0131 yakla\u015f\u0131m\u0131m\u0131z ile enerji \u00e7\u00f6z\u00fcmlerinde fark yarat\u0131yoruz.<\/h6>\n","protected":false},"excerpt":{"rendered":"<p>Biz Neler Yapt\u0131k ? Hakk\u0131m\u0131zda Profesyonel ve Uzman Solar Enerji Sistemleri Azunlar Solar Enerji Sistemleri, \u00fclkemizde ve d\u00fcnyada, do\u011fay\u0131 ve canl\u0131lar\u0131 korumak ve de \u00e7evre kirlili\u011finin \u00f6n\u00fcne ge\u00e7mek ad\u0131na yenilenebilir enerji sekt\u00f6r\u00fcnde yerini alm\u0131\u015f ve aktif olarak projelerde faaliyet g\u00f6stermeye devam eden bir kurulu\u015ftur. Azunlar Enerji yenilenebilir enerji kaynaklar\u0131 \u00fczerine uzmanla\u015fan 7 y\u0131ll\u0131k sekt\u00f6r tecr\u00fcbesi&#8230;<\/p>\n","protected":false},"author":1,"featured_media":0,"parent":0,"menu_order":0,"comment_status":"closed","ping_status":"closed","template":"","meta":{"_kad_post_transparent":"","_kad_post_title":"hide","_kad_post_layout":"fullwidth","_kad_post_sidebar_id":"","_kad_post_content_style":"unboxed","_kad_post_vertical_padding":"hide","_kad_post_feature":"hide","_kad_post_feature_position":"","_kad_post_header":false,"_kad_post_footer":false,"_kad_post_classname":"","footnotes":""},"class_list":["post-257","page","type-page","status-publish","hentry"],"_links":{"self":[{"href":"https:\/\/www.azunlarenerji.com\/index.php?rest_route=\/wp\/v2\/pages\/257","targetHints":{"allow":["GET"]}}],"collection":[{"href":"https:\/\/www.azunlarenerji.com\/index.php?rest_route=\/wp\/v2\/pages"}],"about":[{"href":"https:\/\/www.azunlarenerji.com\/index.php?rest_route=\/wp\/v2\/types\/page"}],"author":[{"embeddable":true,"href":"https:\/\/www.azunlarenerji.com\/index.php?rest_route=\/wp\/v2\/users\/1"}],"replies":[{"embeddable":true,"href":"https:\/\/www.azunlarenerji.com\/index.php?rest_route=%2Fwp%2Fv2%2Fcomments&post=257"}],"version-history":[{"count":40,"href":"https:\/\/www.azunlarenerji.com\/index.php?rest_route=\/wp\/v2\/pages\/257\/revisions"}],"predecessor-version":[{"id":556,"href":"https:\/\/www.azunlarenerji.com\/index.php?rest_route=\/wp\/v2\/pages\/257\/revisions\/556"}],"wp:attachment":[{"href":"https:\/\/www.azunlarenerji.com\/index.php?rest_route=%2Fwp%2Fv2%2Fmedia&parent=257"}],"curies":[{"name":"wp","href":"https:\/\/api.w.org\/{rel}","templated":true}]}}