{"id":33,"date":"2025-08-09T16:39:20","date_gmt":"2025-08-09T16:39:20","guid":{"rendered":"http:\/\/www.azunlarenerji.com\/?page_id=33"},"modified":"2025-08-10T22:03:50","modified_gmt":"2025-08-10T22:03:50","slug":"anasayfa","status":"publish","type":"page","link":"https:\/\/www.azunlarenerji.com\/","title":{"rendered":"Anasayfa"},"content":{"rendered":"<h2>AZUNLAR SOLAR ENERJ\u0130<\/h2>\n<h2>Bizi \u00d6zel K\u0131lan Nedir ?<\/h2>\n<p>Azunlar Solar Enerji olarak yaln\u0131zca g\u00fcne\u015f panelleri kurmuyor, m\u00fc\u015fterilerimize uzun vadeli kazan\u00e7 sa\u011flayan, g\u00fcvenilir enerji \u00e7\u00f6z\u00fcmleri sunuyoruz.<br data-start=\"328\" data-end=\"331\" \/>Her projeyi ihtiya\u00e7lar\u0131n\u0131za \u00f6zel olarak tasarl\u0131yor, en kaliteli ekipmanlarla kurulum yap\u0131yor ve sat\u0131\u015f sonras\u0131 deste\u011fimizi kesintisiz s\u00fcrd\u00fcr\u00fcyoruz.<br data-start=\"479\" data-end=\"482\" \/>Amac\u0131m\u0131z sadece bug\u00fcn\u00fcn de\u011fil, gelece\u011fin de enerjisini garanti alt\u0131na almak.<\/p>\n<p>\t\t\t\t\t\t\t\t<a href=\"#\"><br \/>\n\t\t\t\t<svg aria-hidden=\"true\" viewBox=\"0 0 512 512\" xmlns=\"http:\/\/www.w3.org\/2000\/svg\"><path d=\"M80 368H16a16 16 0 0 0-16 16v64a16 16 0 0 0 16 16h64a16 16 0 0 0 16-16v-64a16 16 0 0 0-16-16zm0-320H16A16 16 0 0 0 0 64v64a16 16 0 0 0 16 16h64a16 16 0 0 0 16-16V64a16 16 0 0 0-16-16zm0 160H16a16 16 0 0 0-16 16v64a16 16 0 0 0 16 16h64a16 16 0 0 0 16-16v-64a16 16 0 0 0-16-16zm416 176H176a16 16 0 0 0-16 16v32a16 16 0 0 0 16 16h320a16 16 0 0 0 16-16v-32a16 16 0 0 0-16-16zm0-320H176a16 16 0 0 0-16 16v32a16 16 0 0 0 16 16h320a16 16 0 0 0 16-16V80a16 16 0 0 0-16-16zm0 160H176a16 16 0 0 0-16 16v32a16 16 0 0 0 16 16h320a16 16 0 0 0 16-16v-32a16 16 0 0 0-16-16z\"><\/path><\/svg><br \/>\n\t\t\t\t\t\t\t\t\tDaha Fazla \u00d6\u011fren<br \/>\n\t\t\t\t\t<\/a><br \/>\n\t\t\t\t\t\t\t\t\t\t\t\t\t\t<a href=\"#\"><br \/>\n\t\t\t\t<svg aria-hidden=\"true\" viewBox=\"0 0 512 512\" xmlns=\"http:\/\/www.w3.org\/2000\/svg\"><path d=\"M371.7 238l-176-107c-15.8-8.8-35.7 2.5-35.7 21v208c0 18.4 19.8 29.8 35.7 21l176-101c16.4-9.1 16.4-32.8 0-42zM504 256C504 119 393 8 256 8S8 119 8 256s111 248 248 248 248-111 248-248zm-448 0c0-110.5 89.5-200 200-200s200 89.5 200 200-89.5 200-200 200S56 366.5 56 256z\"><\/path><\/svg><br \/>\n\t\t\t\t\t\t\t\t\tVideo Hikayesi<br \/>\n\t\t\t\t\t<\/a><\/p>\n<ul>\n<li>\n\t\t\t\t\t\t\t<svg aria-hidden=\"true\" viewBox=\"0 0 512 512\" xmlns=\"http:\/\/www.w3.org\/2000\/svg\"><path d=\"M173.898 439.404l-166.4-166.4c-9.997-9.997-9.997-26.206 0-36.204l36.203-36.204c9.997-9.998 26.207-9.998 36.204 0L192 312.69 432.095 72.596c9.997-9.997 26.207-9.997 36.204 0l36.203 36.204c9.997 9.997 9.997 26.206 0 36.204l-294.4 294.401c-9.998 9.997-26.207 9.997-36.204-.001z\"><\/path><\/svg><br \/>\n\t\t\t\t\t\t\t\t\t\tEn \u0130yi Yat\u0131r\u0131m Planlar\u0131\n\t\t\t\t\t\t\t\t\t<\/li>\n<\/ul>\n<h2>AZUNLAR SOLAR ENERJ\u0130<\/h2>\n<p>Faturalar\u0131n\u0131z\u0131 d\u00fc\u015f\u00fcr\u00fcn, enerjiniz size kazand\u0131rs\u0131n.<br data-start=\"908\" data-end=\"911\" \/>G\u00fcne\u015f enerjisi sistemlerimiz ile 3-5 y\u0131l i\u00e7inde yat\u0131r\u0131m\u0131n\u0131z\u0131 geri al\u0131n, sonraki y\u0131llarda \u00fccretsiz elektrik kullan\u0131n.<br data-start=\"1029\" data-end=\"1032\" \/>Hem cebinizi hem do\u011fay\u0131 koruyun.<\/p>\n<ul>\n<li>\n\t\t\t\t\t\t\t<svg aria-hidden=\"true\" viewBox=\"0 0 512 512\" xmlns=\"http:\/\/www.w3.org\/2000\/svg\"><path d=\"M0 405.3V448c0 35.3 86 64 192 64s192-28.7 192-64v-42.7C342.7 434.4 267.2 448 192 448S41.3 434.4 0 405.3zM320 128c106 0 192-28.7 192-64S426 0 320 0 128 28.7 128 64s86 64 192 64zM0 300.4V352c0 35.3 86 64 192 64s192-28.7 192-64v-51.6c-41.3 34-116.9 51.6-192 51.6S41.3 334.4 0 300.4zm416 11c57.3-11.1 96-31.7 96-55.4v-42.7c-23.2 16.4-57.3 27.6-96 34.5v63.6zM192 160C86 160 0 195.8 0 240s86 80 192 80 192-35.8 192-80-86-80-192-80zm219.3 56.3c60-10.8 100.7-32 100.7-56.3v-42.7c-35.5 25.1-96.5 38.6-160.7 41.8 29.5 14.3 51.2 33.5 60 57.2z\"><\/path><\/svg><br \/>\n\t\t\t\t\t\t\t\t\t\tEnerjiniz Kazanca D\u00f6n\u00fc\u015fs\u00fcn\n\t\t\t\t\t\t\t\t\t<\/li>\n<\/ul>\n<h2>AZUNLAR SOLAR ENERJ\u0130<\/h2>\n<p>G\u00fcne\u015f enerjisi ile kendi elektri\u011finizi \u00fcretin, tasarrufunuzu kazanca \u00e7evirin.<br data-start=\"288\" data-end=\"291\" \/>K\u0131sa s\u00fcrede yat\u0131r\u0131m maliyetinizi \u00e7\u0131kar\u0131n, y\u0131llarca \u00fccretsiz elektrik kullan\u0131n.<br data-start=\"371\" data-end=\"374\" \/>Hem b\u00fct\u00e7enizi hem de gezegenimizi koruyun.<\/p>\n<h2>Temel De\u011ferlerimiz<\/h2>\n<h2>Gelece\u011fin enerjisini bug\u00fcnden \u00fcretiyor, her m\u00fc\u015fterimiz i\u00e7in g\u00fcne\u015fi s\u0131n\u0131rs\u0131z bir kayna\u011fa d\u00f6n\u00fc\u015ft\u00fcr\u00fcyoruz.<\/h2>\n<p>\t\t\t\t<svg aria-hidden=\"true\" viewBox=\"0 0 640 512\" xmlns=\"http:\/\/www.w3.org\/2000\/svg\"><path d=\"M224 256c70.7 0 128-57.3 128-128S294.7 0 224 0 96 57.3 96 128s57.3 128 128 128zm89.6 32h-16.7c-22.2 10.2-46.9 16-72.9 16s-50.6-5.8-72.9-16h-16.7C60.2 288 0 348.2 0 422.4V464c0 26.5 21.5 48 48 48h352c26.5 0 48-21.5 48-48v-41.6c0-74.2-60.2-134.4-134.4-134.4zm323-128.4l-27.8-28.1c-4.6-4.7-12.1-4.7-16.8-.1l-104.8 104-45.5-45.8c-4.6-4.7-12.1-4.7-16.8-.1l-28.1 27.9c-4.7 4.6-4.7 12.1-.1 16.8l81.7 82.3c4.6 4.7 12.1 4.7 16.8.1l141.3-140.2c4.6-4.7 4.7-12.2.1-16.8z\"><\/path><\/svg>\t\t\t\t<\/p>\n<h3>\n\t\t\t\t\t\t\tG\u00fcvenirlik<br \/>\n\t\t\t\t\t<\/h3>\n<p>\t\t\t\t<svg aria-hidden=\"true\" viewBox=\"0 0 512 512\" xmlns=\"http:\/\/www.w3.org\/2000\/svg\"><path d=\"M104 224H24c-13.255 0-24 10.745-24 24v240c0 13.255 10.745 24 24 24h80c13.255 0 24-10.745 24-24V248c0-13.255-10.745-24-24-24zM64 472c-13.255 0-24-10.745-24-24s10.745-24 24-24 24 10.745 24 24-10.745 24-24 24zM384 81.452c0 42.416-25.97 66.208-33.277 94.548h101.723c33.397 0 59.397 27.746 59.553 58.098.084 17.938-7.546 37.249-19.439 49.197l-.11.11c9.836 23.337 8.237 56.037-9.308 79.469 8.681 25.895-.069 57.704-16.382 74.757 4.298 17.598 2.244 32.575-6.148 44.632C440.202 511.587 389.616 512 346.839 512l-2.845-.001c-48.287-.017-87.806-17.598-119.56-31.725-15.957-7.099-36.821-15.887-52.651-16.178-6.54-.12-11.783-5.457-11.783-11.998v-213.77c0-3.2 1.282-6.271 3.558-8.521 39.614-39.144 56.648-80.587 89.117-113.111 14.804-14.832 20.188-37.236 25.393-58.902C282.515 39.293 291.817 0 312 0c24 0 72 8 72 81.452z\"><\/path><\/svg>\t\t\t\t<\/p>\n<h3>\n\t\t\t\t\t\t\tKalite<br \/>\n\t\t\t\t\t<\/h3>\n<p>\t\t\t\t<svg aria-hidden=\"true\" viewBox=\"0 0 512 512\" xmlns=\"http:\/\/www.w3.org\/2000\/svg\"><path d=\"M496.25 202.52l-110-15.44 41.82-104.34c6.67-16.64-11.6-32.18-26.59-22.63L307.44 120 273.35 12.82C270.64 4.27 263.32 0 256 0c-7.32 0-14.64 4.27-17.35 12.82l-34.09 107.19-94.04-59.89c-14.99-9.55-33.25 5.99-26.59 22.63l41.82 104.34-110 15.43c-17.54 2.46-21.68 26.27-6.03 34.67l98.16 52.66-74.48 83.54c-10.92 12.25-1.72 30.93 13.29 30.93 1.31 0 2.67-.14 4.07-.45l108.57-23.65-4.11 112.55c-.43 11.65 8.87 19.22 18.41 19.22 5.15 0 10.39-2.21 14.2-7.18l68.18-88.9 68.18 88.9c3.81 4.97 9.04 7.18 14.2 7.18 9.54 0 18.84-7.57 18.41-19.22l-4.11-112.55 108.57 23.65c17.36 3.76 29.21-17.2 17.35-30.49l-74.48-83.54 98.16-52.66c15.64-8.39 11.5-32.2-6.04-34.66zM338.51 311.68l-51.89-11.3 1.97 53.79L256 311.68l-32.59 42.49 1.96-53.79-51.89 11.3 35.6-39.93-46.92-25.17 52.57-7.38-19.99-49.87 44.95 28.62L256 166.72l16.29 51.23 44.95-28.62-19.99 49.87 52.57 7.38-46.92 25.17 35.61 39.93z\"><\/path><\/svg>\t\t\t\t<\/p>\n<h3>\n\t\t\t\t\t\t\tS\u00fcrd\u00fcr\u00fclebilirlik<br \/>\n\t\t\t\t\t<\/h3>\n<p>\t\t\t\t<svg aria-hidden=\"true\" viewBox=\"0 0 640 512\" xmlns=\"http:\/\/www.w3.org\/2000\/svg\"><path d=\"M434.7 64h-85.9c-8 0-15.7 3-21.6 8.4l-98.3 90c-.1.1-.2.3-.3.4-16.6 15.6-16.3 40.5-2.1 56 12.7 13.9 39.4 17.6 56.1 2.7.1-.1.3-.1.4-.2l79.9-73.2c6.5-5.9 16.7-5.5 22.6 1 6 6.5 5.5 16.6-1 22.6l-26.1 23.9L504 313.8c2.9 2.4 5.5 5 7.9 7.7V128l-54.6-54.6c-5.9-6-14.1-9.4-22.6-9.4zM544 128.2v223.9c0 17.7 14.3 32 32 32h64V128.2h-96zm48 223.9c-8.8 0-16-7.2-16-16s7.2-16 16-16 16 7.2 16 16-7.2 16-16 16zM0 384h64c17.7 0 32-14.3 32-32V128.2H0V384zm48-63.9c8.8 0 16 7.2 16 16s-7.2 16-16 16-16-7.2-16-16c0-8.9 7.2-16 16-16zm435.9 18.6L334.6 217.5l-30 27.5c-29.7 27.1-75.2 24.5-101.7-4.4-26.9-29.4-24.8-74.9 4.4-101.7L289.1 64h-83.8c-8.5 0-16.6 3.4-22.6 9.4L128 128v223.9h18.3l90.5 81.9c27.4 22.3 67.7 18.1 90-9.3l.2-.2 17.9 15.5c15.9 13 39.4 10.5 52.3-5.4l31.4-38.6 5.4 4.4c13.7 11.1 33.9 9.1 45-4.7l9.5-11.7c11.2-13.8 9.1-33.9-4.6-45.1z\"><\/path><\/svg>\t\t\t\t<\/p>\n<h3>\n\t\t\t\t\t\t\tM\u00fc\u015fteri Memnuniyeti<br \/>\n\t\t\t\t\t<\/h3>\n<h2>Enerji \u00c7\u00f6z\u00fcmleri Uzman\u0131n\u0131z<\/h2>\n<h2>Azunlar Solar Enerji\u2019nin bilgi ve tecr\u00fcbesiyle, her ihtiyaca uygun g\u00fcne\u015f enerjisi projelerini tasarl\u0131yor, kuruyor ve destekliyoruz.<br \/>\n<\/h2>\n<p>\t\t\t\t\t\t\t\t\t\t<a href=\"#\"><br \/>\n\t\t\t\t<svg aria-hidden=\"true\" viewBox=\"0 0 512 512\" xmlns=\"http:\/\/www.w3.org\/2000\/svg\"><path d=\"M80 368H16a16 16 0 0 0-16 16v64a16 16 0 0 0 16 16h64a16 16 0 0 0 16-16v-64a16 16 0 0 0-16-16zm0-320H16A16 16 0 0 0 0 64v64a16 16 0 0 0 16 16h64a16 16 0 0 0 16-16V64a16 16 0 0 0-16-16zm0 160H16a16 16 0 0 0-16 16v64a16 16 0 0 0 16 16h64a16 16 0 0 0 16-16v-64a16 16 0 0 0-16-16zm416 176H176a16 16 0 0 0-16 16v32a16 16 0 0 0 16 16h320a16 16 0 0 0 16-16v-32a16 16 0 0 0-16-16zm0-320H176a16 16 0 0 0-16 16v32a16 16 0 0 0 16 16h320a16 16 0 0 0 16-16V80a16 16 0 0 0-16-16zm0 160H176a16 16 0 0 0-16 16v32a16 16 0 0 0 16 16h320a16 16 0 0 0 16-16v-32a16 16 0 0 0-16-16z\"><\/path><\/svg><br \/>\n\t\t\t\t\t\t\t\t\tDaha Fazla \u00d6\u011fren<br \/>\n\t\t\t\t\t<\/a><\/p>\n<h2>Projeler<\/h2>\n<h2>Gelece\u011fin enerjisini bug\u00fcnden \u00fcretiyor, her m\u00fc\u015fterimiz i\u00e7in g\u00fcne\u015fi s\u0131n\u0131rs\u0131z bir kayna\u011fa d\u00f6n\u00fc\u015ft\u00fcr\u00fcyoruz.<\/h2>\n<p><!-- start Post Carousel -->\n\t\t<link id='font-awesome-css' href='http:\/\/www.azunlarenerji.com\/wp-content\/plugins\/unlimited-elements-for-elementor\/assets_libraries\/font-awesome6\/fontawesome-all.min.css' type='text\/css' rel='stylesheet' >\n\t\t<link id='font-awesome-4-shim-css' href='http:\/\/www.azunlarenerji.com\/wp-content\/plugins\/unlimited-elements-for-elementor\/assets_libraries\/font-awesome6\/fontawesome-v4-shims.min.css' type='text\/css' rel='stylesheet' >\n\t\t<link id='owl-carousel-css' href='http:\/\/www.azunlarenerji.com\/wp-content\/plugins\/unlimited-elements-for-elementor\/assets_libraries\/owl-carousel-new\/assets\/owl.carousel.css' type='text\/css' rel='stylesheet' >\n\t\t<link id='lity-css' href='http:\/\/www.azunlarenerji.com\/wp-content\/plugins\/unlimited-elements-for-elementor\/assets_libraries\/lity\/lity.min.css' type='text\/css' rel='stylesheet' >\n<style>\/* widget: Post Carousel *\/\n#uc_post_carousel_elementor_6336df3-wrapper{\n  min-height:1px;\n}\n#uc_post_carousel_elementor_6336df3 *{\n  box-sizing:border-box;\n}\n#uc_post_carousel_elementor_6336df3 .ue-grid-item-category a{\n  white-space: nowrap;\n}\n#uc_post_carousel_elementor_6336df3{\n  position:relative;\n}\n.uc_post_title{\n  font-size:21px;\n}\n#uc_post_carousel_elementor_6336df3 .ue-item{\n  transition:0.3s;\n  position:relative;\n}\n#uc_post_carousel_elementor_6336df3 .uc_image_carousel_placeholder{\n  position:relative;\n}\n#uc_post_carousel_elementor_6336df3 .ue_pos_carousel_image_overlay{\n  position:absolute;\n  top:0;\n  bottom:0;\n  left:0;\n  right:0;\n  transition:0.3s;\n}\n#uc_post_carousel_elementor_6336df3 .owl-stage{\n  display:flex;\n}\n#uc_post_carousel_elementor_6336df3 .uc_image_carousel_container_holder{\n  display: flex;\n  flex-direction: column;\n  height: 100%;\n}\n#uc_post_carousel_elementor_6336df3 .uc_image_carousel_content{\n  flex-grow: 1;\n  justify-content: space-between;}\n#uc_post_carousel_elementor_6336df3 .uc_carousel_item{\n  overflow:hidden;\n}\n#uc_post_carousel_elementor_6336df3 .owl-nav .owl-prev{\n    position:absolute;\n    display:inline-block;\n    text-align:center;  \t\n}\n#uc_post_carousel_elementor_6336df3 .owl-nav .owl-next{\n  position:absolute;\n  display:inline-block;\n  text-align:center;\n}\n#uc_post_carousel_elementor_6336df3 .owl-dots {\n  overflow:hidden;\n  display:flex !important;\n}\n#uc_post_carousel_elementor_6336df3 .owl-dot {\n  border-radius:50%;\n  display:inline-block;\n  padding: 0;\n}\n#uc_post_carousel_elementor_6336df3 .uc_more_btn{\n  display:inline-block;\n  text-align:center;\n  text-decoration:none;\n}  \n#uc_post_carousel_elementor_6336df3 .uc_more_btn svg{\n  width:1em;\n  height:1em;\n}\n#uc_post_carousel_elementor_6336df3 .uc_image_carousel_placeholder{\n  overflow:hidden;\n}\n#uc_post_carousel_elementor_6336df3 .uc_image_carousel_placeholder img{\n  display:block;\n  width:100%;\n}\n#uc_post_carousel_elementor_6336df3 .uc_image_carousel_content {\n  display:flex;\n  flex-direction:column;\n}\n#uc_post_carousel_elementor_6336df3 .ue-meta-data{  \n  display:flex !important;\n  flex-wrap: wrap;\n  line-height:1em;\n}\n#uc_post_carousel_elementor_6336df3 .ue-grid-item-meta-data{\n      display:inline-flex;\n      align-items:center;\n}\n.ue-grid-item-meta-data{\n  font-size:12px;\n}\n#uc_post_carousel_elementor_6336df3 .ue-grid-item-meta-data-icon{\n  line-height:1em;\n}\n#uc_post_carousel_elementor_6336df3 .ue-grid-item-meta-data-icon svg{\n  width:1em;\n  height:1em;\n}\n#uc_post_carousel_elementor_6336df3 .ue-debug-meta{\n  padding:10px;\n  border:1px solid red;\n  position:relative;\n  line-height:1.5em;\n  font-size:11px;\n  width:100%;\n}\n\t#uc_post_carousel_elementor_6336df3 .owl-stage        {\n            transition-timing-function: linear!important;\n        }\n#uc_post_carousel_elementor_6336df3 .owl-nav .owl-prev.disabled,\n#uc_post_carousel_elementor_6336df3 .owl-nav .owl-next.disabled {\n   display: none;\n}\n<\/style>\n<p>          <img loading=\"lazy\" decoding=\"async\" src=\"http:\/\/www.azunlarenerji.com\/wp-content\/uploads\/2025\/08\/WhatsApp-Image-2025-08-10-at-18.28.37.jpeg\"  src=\"http:\/\/www.azunlarenerji.com\/wp-content\/uploads\/2025\/08\/WhatsApp-Image-2025-08-10-at-18.28.37.jpeg\" alt=\"WhatsApp Image 2025-08-10 at 18.28\" width=\"734\" height=\"414\" alt=\"WhatsApp Image 2025-08-10 at 18.28\" title=\"WhatsApp Image 2025-08-10 at 18.28\"><br \/>\n                  <a href=\"http:\/\/www.azunlarenerji.com\/?p=241\">            Yakup O\u011fullar\u0131<br \/>\n          <\/a><br \/>\n        Nusaybin \/ Mardin OSB b\u00f6lgesindeki Geri d\u00f6n\u00fc\u015f\u00fcm fabrikas\u0131 olan yakupo\u011fullar\u0131 fabrikas\u0131n\u0131n t\u00fcm elektrik&#8230;<br \/>\n          <a target=\"_blank\" href=\"http:\/\/www.azunlarenerji.com\/?p=241\" href='http:\/\/www.azunlarenerji.com\/?p=241'>Devam\u0131n\u0131 Oku<\/a><br \/>\n          <img loading=\"lazy\" decoding=\"async\" src=\"http:\/\/www.azunlarenerji.com\/wp-content\/uploads\/2025\/08\/WhatsApp-Image-2025-08-10-at-18.26.08-768x430.jpeg\"  src=\"http:\/\/www.azunlarenerji.com\/wp-content\/uploads\/2025\/08\/WhatsApp-Image-2025-08-10-at-18.26.08-768x430.jpeg\" alt=\"WhatsApp Image 2025-08-10 at 18.26\" width=\"768\" height=\"430\" alt=\"WhatsApp Image 2025-08-10 at 18.26\" title=\"WhatsApp Image 2025-08-10 at 18.26\"><br \/>\n                  <a href=\"http:\/\/www.azunlarenerji.com\/?p=238\">            Akvit (AK GIDA)<br \/>\n          <\/a><br \/>\n        Mardin Organize Sanayideki Akvit firmas\u0131na B\u00fct\u00fcn enerjisini kar\u015f\u0131layacak G\u00fcne\u015f panelleri \u00e7at\u0131s\u0131na ku&#8230;<br \/>\n          <a target=\"_blank\" href=\"http:\/\/www.azunlarenerji.com\/?p=238\" href='http:\/\/www.azunlarenerji.com\/?p=238'>Devam\u0131n\u0131 Oku<\/a><br \/>\n          <img loading=\"lazy\" decoding=\"async\" src=\"http:\/\/www.azunlarenerji.com\/wp-content\/uploads\/2025\/08\/WhatsApp-Image-2025-08-10-at-18.21.24-768x432.jpeg\"  src=\"http:\/\/www.azunlarenerji.com\/wp-content\/uploads\/2025\/08\/WhatsApp-Image-2025-08-10-at-18.21.24-768x432.jpeg\" alt=\"WhatsApp Image 2025-08-10 at 18.21\" width=\"768\" height=\"432\" alt=\"WhatsApp Image 2025-08-10 at 18.21\" title=\"WhatsApp Image 2025-08-10 at 18.21\"><br \/>\n                  <a href=\"http:\/\/www.azunlarenerji.com\/?p=235\">            Pamuk Grup<br \/>\n          <\/a><br \/>\n        Pamuk Grup fabrikas\u0131 i\u00e7in \u00e7at\u0131s\u0131na g\u00fcne\u015f panelleri yap\u0131ld\u0131 .<br \/>\n          <a target=\"_blank\" href=\"http:\/\/www.azunlarenerji.com\/?p=235\" href='http:\/\/www.azunlarenerji.com\/?p=235'>Devam\u0131n\u0131 Oku<\/a><br \/>\n          <img loading=\"lazy\" decoding=\"async\" src=\"http:\/\/www.azunlarenerji.com\/wp-content\/uploads\/2025\/08\/WhatsApp-Image-2025-08-10-at-18.13.23-768x434.jpeg\"  src=\"http:\/\/www.azunlarenerji.com\/wp-content\/uploads\/2025\/08\/WhatsApp-Image-2025-08-10-at-18.13.23-768x434.jpeg\" alt=\"WhatsApp Image 2025-08-10 at 18.13\" width=\"768\" height=\"434\" alt=\"WhatsApp Image 2025-08-10 at 18.13\" title=\"WhatsApp Image 2025-08-10 at 18.13\"><br \/>\n                  <a href=\"http:\/\/www.azunlarenerji.com\/?p=1\">            Azunlar Tekstil<br \/>\n          <\/a><br \/>\n        Mardin Organize Sanayi B\u00f6lgesindeki Azunlar Tekstile b\u00fct\u00fcn elektri\u011fini kar\u015f\u0131layabilecek g\u00fcne\u015f panelleri&#8230;<br \/>\n          <a target=\"_blank\" href=\"http:\/\/www.azunlarenerji.com\/?p=1\" href='http:\/\/www.azunlarenerji.com\/?p=1'>Devam\u0131n\u0131 Oku<\/a><br \/>\n<!-- end Post Carousel --><br \/>\n\t\t\t\t\t\t\t\t\t\t\t\t\t\t\t<img loading=\"lazy\" decoding=\"async\" width=\"790\" height=\"1024\" src=\"http:\/\/www.azunlarenerji.com\/wp-content\/uploads\/2025\/08\/Adsiz-tasarim-790x1024.png\" alt=\"\" srcset=\"http:\/\/www.azunlarenerji.com\/wp-content\/uploads\/2025\/08\/Adsiz-tasarim-790x1024.png 790w, http:\/\/www.azunlarenerji.com\/wp-content\/uploads\/2025\/08\/Adsiz-tasarim-231x300.png 231w, http:\/\/www.azunlarenerji.com\/wp-content\/uploads\/2025\/08\/Adsiz-tasarim-768x996.png 768w, http:\/\/www.azunlarenerji.com\/wp-content\/uploads\/2025\/08\/Adsiz-tasarim.png 1080w\" sizes=\"auto, (max-width: 790px) 100vw, 790px\" \/>\t\t\t\t\t\t\t\t\t\t\t\t\t\t\t\t<\/p>\n<h2>Temiz Enerjinin G\u00fcvenilir Adresi<\/h2>\n<h2>M\u00fc\u015fterilerimiz i\u00e7in g\u00fcne\u015fin g\u00fcc\u00fcn\u00fc maksimum potansiyelde kullan\u0131yoruz.<\/h2>\n<p>\t\t\tOfisler<br \/>\n\t\t\t\t0<br \/>\n\t\t\t\u00c7al\u0131\u015fanlar<br \/>\n\t\t\t\t0<br \/>\n\t\t\tM\u00fc\u015fteriler<br \/>\n\t\t\t\t0<br \/>\n\t\t\t\u0130ller<br \/>\n\t\t\t\t0<\/p>\n","protected":false},"excerpt":{"rendered":"<p>AZUNLAR SOLAR ENERJ\u0130 Bizi \u00d6zel K\u0131lan Nedir ? Azunlar Solar Enerji olarak yaln\u0131zca g\u00fcne\u015f panelleri kurmuyor, m\u00fc\u015fterilerimize uzun vadeli kazan\u00e7 sa\u011flayan, g\u00fcvenilir enerji \u00e7\u00f6z\u00fcmleri sunuyoruz.Her projeyi ihtiya\u00e7lar\u0131n\u0131za \u00f6zel olarak tasarl\u0131yor, en kaliteli ekipmanlarla kurulum yap\u0131yor ve sat\u0131\u015f sonras\u0131 deste\u011fimizi kesintisiz s\u00fcrd\u00fcr\u00fcyoruz.Amac\u0131m\u0131z sadece bug\u00fcn\u00fcn de\u011fil, gelece\u011fin de enerjisini garanti alt\u0131na almak. Daha Fazla \u00d6\u011fren Video Hikayesi&#8230;<\/p>\n","protected":false},"author":1,"featured_media":0,"parent":0,"menu_order":0,"comment_status":"closed","ping_status":"closed","template":"elementor_header_footer","meta":{"_kad_post_transparent":"","_kad_post_title":"hide","_kad_post_layout":"fullwidth","_kad_post_sidebar_id":"","_kad_post_content_style":"unboxed","_kad_post_vertical_padding":"hide","_kad_post_feature":"hide","_kad_post_feature_position":"","_kad_post_header":false,"_kad_post_footer":false,"_kad_post_classname":"","footnotes":""},"class_list":["post-33","page","type-page","status-publish","hentry"],"_links":{"self":[{"href":"https:\/\/www.azunlarenerji.com\/index.php?rest_route=\/wp\/v2\/pages\/33","targetHints":{"allow":["GET"]}}],"collection":[{"href":"https:\/\/www.azunlarenerji.com\/index.php?rest_route=\/wp\/v2\/pages"}],"about":[{"href":"https:\/\/www.azunlarenerji.com\/index.php?rest_route=\/wp\/v2\/types\/page"}],"author":[{"embeddable":true,"href":"https:\/\/www.azunlarenerji.com\/index.php?rest_route=\/wp\/v2\/users\/1"}],"replies":[{"embeddable":true,"href":"https:\/\/www.azunlarenerji.com\/index.php?rest_route=%2Fwp%2Fv2%2Fcomments&post=33"}],"version-history":[{"count":187,"href":"https:\/\/www.azunlarenerji.com\/index.php?rest_route=\/wp\/v2\/pages\/33\/revisions"}],"predecessor-version":[{"id":535,"href":"https:\/\/www.azunlarenerji.com\/index.php?rest_route=\/wp\/v2\/pages\/33\/revisions\/535"}],"wp:attachment":[{"href":"https:\/\/www.azunlarenerji.com\/index.php?rest_route=%2Fwp%2Fv2%2Fmedia&parent=33"}],"curies":[{"name":"wp","href":"https:\/\/api.w.org\/{rel}","templated":true}]}}