{"id":390,"date":"2025-08-10T18:48:36","date_gmt":"2025-08-10T18:48:36","guid":{"rendered":"http:\/\/www.azunlarenerji.com\/?page_id=390"},"modified":"2025-08-17T22:52:59","modified_gmt":"2025-08-17T22:52:59","slug":"urunler","status":"publish","type":"page","link":"https:\/\/www.azunlarenerji.com\/?page_id=390","title":{"rendered":"\u00dcr\u00fcnler"},"content":{"rendered":"<h2>Her Sekt\u00f6r i\u00e7in \u00dcr\u00fcnler<\/h2>\n<h2>\u00dcr\u00fcnler<\/h2>\n<p>\t\t\t\t\t\t\t\t\t\t\t\t\t\t\t<img loading=\"lazy\" decoding=\"async\" width=\"581\" height=\"1024\" src=\"https:\/\/www.azunlarenerji.com\/wp-content\/uploads\/2025\/08\/WhatsApp-Image-2025-08-10-at-20.30.28-581x1024.jpeg\" alt=\"\" srcset=\"https:\/\/www.azunlarenerji.com\/wp-content\/uploads\/2025\/08\/WhatsApp-Image-2025-08-10-at-20.30.28-581x1024.jpeg 581w, https:\/\/www.azunlarenerji.com\/wp-content\/uploads\/2025\/08\/WhatsApp-Image-2025-08-10-at-20.30.28-170x300.jpeg 170w, https:\/\/www.azunlarenerji.com\/wp-content\/uploads\/2025\/08\/WhatsApp-Image-2025-08-10-at-20.30.28-768x1353.jpeg 768w, https:\/\/www.azunlarenerji.com\/wp-content\/uploads\/2025\/08\/WhatsApp-Image-2025-08-10-at-20.30.28-872x1536.jpeg 872w, https:\/\/www.azunlarenerji.com\/wp-content\/uploads\/2025\/08\/WhatsApp-Image-2025-08-10-at-20.30.28.jpeg 908w\" sizes=\"auto, (max-width: 581px) 100vw, 581px\" \/>\t\t\t\t\t\t\t\t\t\t\t\t\t\t\t\t\t\t\t\t\t\t\t\t\t\t<img loading=\"lazy\" decoding=\"async\" width=\"576\" height=\"1024\" src=\"https:\/\/www.azunlarenerji.com\/wp-content\/uploads\/2025\/08\/WhatsApp-Image-2025-08-10-at-20.30.28-1-1-576x1024.jpeg\" alt=\"\" srcset=\"https:\/\/www.azunlarenerji.com\/wp-content\/uploads\/2025\/08\/WhatsApp-Image-2025-08-10-at-20.30.28-1-1-576x1024.jpeg 576w, https:\/\/www.azunlarenerji.com\/wp-content\/uploads\/2025\/08\/WhatsApp-Image-2025-08-10-at-20.30.28-1-1-169x300.jpeg 169w, https:\/\/www.azunlarenerji.com\/wp-content\/uploads\/2025\/08\/WhatsApp-Image-2025-08-10-at-20.30.28-1-1-768x1365.jpeg 768w, https:\/\/www.azunlarenerji.com\/wp-content\/uploads\/2025\/08\/WhatsApp-Image-2025-08-10-at-20.30.28-1-1-864x1536.jpeg 864w, https:\/\/www.azunlarenerji.com\/wp-content\/uploads\/2025\/08\/WhatsApp-Image-2025-08-10-at-20.30.28-1-1.jpeg 900w\" sizes=\"auto, (max-width: 576px) 100vw, 576px\" \/>\t\t\t\t\t\t\t\t\t\t\t\t\t\t\t\t\t\t\t\t\t\t\t\t\t\t<img loading=\"lazy\" decoding=\"async\" width=\"576\" height=\"1024\" src=\"https:\/\/www.azunlarenerji.com\/wp-content\/uploads\/2025\/08\/WhatsApp-Image-2025-08-10-at-20.30.28-1-576x1024.jpeg\" alt=\"\" srcset=\"https:\/\/www.azunlarenerji.com\/wp-content\/uploads\/2025\/08\/WhatsApp-Image-2025-08-10-at-20.30.28-1-576x1024.jpeg 576w, https:\/\/www.azunlarenerji.com\/wp-content\/uploads\/2025\/08\/WhatsApp-Image-2025-08-10-at-20.30.28-1-169x300.jpeg 169w, https:\/\/www.azunlarenerji.com\/wp-content\/uploads\/2025\/08\/WhatsApp-Image-2025-08-10-at-20.30.28-1-768x1365.jpeg 768w, https:\/\/www.azunlarenerji.com\/wp-content\/uploads\/2025\/08\/WhatsApp-Image-2025-08-10-at-20.30.28-1-864x1536.jpeg 864w, https:\/\/www.azunlarenerji.com\/wp-content\/uploads\/2025\/08\/WhatsApp-Image-2025-08-10-at-20.30.28-1.jpeg 900w\" sizes=\"auto, (max-width: 576px) 100vw, 576px\" \/>\t\t\t\t\t\t\t\t\t\t\t\t\t\t\t\t\t\t\t\t\t\t\t\t\t\t<img loading=\"lazy\" decoding=\"async\" width=\"576\" height=\"1024\" src=\"https:\/\/www.azunlarenerji.com\/wp-content\/uploads\/2025\/08\/WhatsApp-Image-2025-08-10-at-20.30.30-1-576x1024.jpeg\" alt=\"\" srcset=\"https:\/\/www.azunlarenerji.com\/wp-content\/uploads\/2025\/08\/WhatsApp-Image-2025-08-10-at-20.30.30-1-576x1024.jpeg 576w, https:\/\/www.azunlarenerji.com\/wp-content\/uploads\/2025\/08\/WhatsApp-Image-2025-08-10-at-20.30.30-1-169x300.jpeg 169w, https:\/\/www.azunlarenerji.com\/wp-content\/uploads\/2025\/08\/WhatsApp-Image-2025-08-10-at-20.30.30-1-768x1365.jpeg 768w, https:\/\/www.azunlarenerji.com\/wp-content\/uploads\/2025\/08\/WhatsApp-Image-2025-08-10-at-20.30.30-1-864x1536.jpeg 864w, https:\/\/www.azunlarenerji.com\/wp-content\/uploads\/2025\/08\/WhatsApp-Image-2025-08-10-at-20.30.30-1.jpeg 900w\" sizes=\"auto, (max-width: 576px) 100vw, 576px\" \/>\t\t\t\t\t\t\t\t\t\t\t\t\t\t\t\t\t\t\t\t\t\t\t\t\t\t<img loading=\"lazy\" decoding=\"async\" width=\"576\" height=\"1024\" src=\"https:\/\/www.azunlarenerji.com\/wp-content\/uploads\/2025\/08\/WhatsApp-Image-2025-08-10-at-20.30.30-3-576x1024.jpeg\" alt=\"\" srcset=\"https:\/\/www.azunlarenerji.com\/wp-content\/uploads\/2025\/08\/WhatsApp-Image-2025-08-10-at-20.30.30-3-576x1024.jpeg 576w, https:\/\/www.azunlarenerji.com\/wp-content\/uploads\/2025\/08\/WhatsApp-Image-2025-08-10-at-20.30.30-3-169x300.jpeg 169w, https:\/\/www.azunlarenerji.com\/wp-content\/uploads\/2025\/08\/WhatsApp-Image-2025-08-10-at-20.30.30-3-768x1365.jpeg 768w, https:\/\/www.azunlarenerji.com\/wp-content\/uploads\/2025\/08\/WhatsApp-Image-2025-08-10-at-20.30.30-3-864x1536.jpeg 864w, https:\/\/www.azunlarenerji.com\/wp-content\/uploads\/2025\/08\/WhatsApp-Image-2025-08-10-at-20.30.30-3.jpeg 900w\" sizes=\"auto, (max-width: 576px) 100vw, 576px\" \/>\t\t\t\t\t\t\t\t\t\t\t\t\t\t\t\t\t\t\t\t\t\t\t\t\t\t<img loading=\"lazy\" decoding=\"async\" width=\"576\" height=\"1024\" src=\"https:\/\/www.azunlarenerji.com\/wp-content\/uploads\/2025\/08\/WhatsApp-Image-2025-08-10-at-20.30.30-4-576x1024.jpeg\" alt=\"\" srcset=\"https:\/\/www.azunlarenerji.com\/wp-content\/uploads\/2025\/08\/WhatsApp-Image-2025-08-10-at-20.30.30-4-576x1024.jpeg 576w, https:\/\/www.azunlarenerji.com\/wp-content\/uploads\/2025\/08\/WhatsApp-Image-2025-08-10-at-20.30.30-4-169x300.jpeg 169w, https:\/\/www.azunlarenerji.com\/wp-content\/uploads\/2025\/08\/WhatsApp-Image-2025-08-10-at-20.30.30-4-768x1365.jpeg 768w, https:\/\/www.azunlarenerji.com\/wp-content\/uploads\/2025\/08\/WhatsApp-Image-2025-08-10-at-20.30.30-4-864x1536.jpeg 864w, https:\/\/www.azunlarenerji.com\/wp-content\/uploads\/2025\/08\/WhatsApp-Image-2025-08-10-at-20.30.30-4.jpeg 900w\" sizes=\"auto, (max-width: 576px) 100vw, 576px\" \/>\t\t\t\t\t\t\t\t\t\t\t\t\t\t\t\t\t\t\t\t\t\t\t\t\t\t<img loading=\"lazy\" decoding=\"async\" width=\"576\" height=\"1024\" src=\"https:\/\/www.azunlarenerji.com\/wp-content\/uploads\/2025\/08\/WhatsApp-Image-2025-08-10-at-20.30.31-1-576x1024.jpeg\" alt=\"\" srcset=\"https:\/\/www.azunlarenerji.com\/wp-content\/uploads\/2025\/08\/WhatsApp-Image-2025-08-10-at-20.30.31-1-576x1024.jpeg 576w, https:\/\/www.azunlarenerji.com\/wp-content\/uploads\/2025\/08\/WhatsApp-Image-2025-08-10-at-20.30.31-1-169x300.jpeg 169w, https:\/\/www.azunlarenerji.com\/wp-content\/uploads\/2025\/08\/WhatsApp-Image-2025-08-10-at-20.30.31-1-768x1365.jpeg 768w, https:\/\/www.azunlarenerji.com\/wp-content\/uploads\/2025\/08\/WhatsApp-Image-2025-08-10-at-20.30.31-1-864x1536.jpeg 864w, https:\/\/www.azunlarenerji.com\/wp-content\/uploads\/2025\/08\/WhatsApp-Image-2025-08-10-at-20.30.31-1.jpeg 900w\" sizes=\"auto, (max-width: 576px) 100vw, 576px\" \/>\t\t\t\t\t\t\t\t\t\t\t\t\t\t\t\t\t\t\t\t\t\t\t\t\t\t<img loading=\"lazy\" decoding=\"async\" width=\"576\" height=\"1024\" src=\"https:\/\/www.azunlarenerji.com\/wp-content\/uploads\/2025\/08\/WhatsApp-Image-2025-08-10-at-20.30.30-2-576x1024.jpeg\" alt=\"\" srcset=\"https:\/\/www.azunlarenerji.com\/wp-content\/uploads\/2025\/08\/WhatsApp-Image-2025-08-10-at-20.30.30-2-576x1024.jpeg 576w, https:\/\/www.azunlarenerji.com\/wp-content\/uploads\/2025\/08\/WhatsApp-Image-2025-08-10-at-20.30.30-2-169x300.jpeg 169w, https:\/\/www.azunlarenerji.com\/wp-content\/uploads\/2025\/08\/WhatsApp-Image-2025-08-10-at-20.30.30-2-768x1365.jpeg 768w, https:\/\/www.azunlarenerji.com\/wp-content\/uploads\/2025\/08\/WhatsApp-Image-2025-08-10-at-20.30.30-2-864x1536.jpeg 864w, https:\/\/www.azunlarenerji.com\/wp-content\/uploads\/2025\/08\/WhatsApp-Image-2025-08-10-at-20.30.30-2.jpeg 900w\" sizes=\"auto, (max-width: 576px) 100vw, 576px\" \/>\t\t\t\t\t\t\t\t\t\t\t\t\t\t\t\t\t\t\t\t\t\t\t\t\t\t<img loading=\"lazy\" decoding=\"async\" width=\"577\" height=\"1024\" src=\"https:\/\/www.azunlarenerji.com\/wp-content\/uploads\/2025\/08\/WhatsApp-Image-2025-08-14-at-00.46.51-1-577x1024.jpeg\" alt=\"\" srcset=\"https:\/\/www.azunlarenerji.com\/wp-content\/uploads\/2025\/08\/WhatsApp-Image-2025-08-14-at-00.46.51-1-577x1024.jpeg 577w, https:\/\/www.azunlarenerji.com\/wp-content\/uploads\/2025\/08\/WhatsApp-Image-2025-08-14-at-00.46.51-1-169x300.jpeg 169w, https:\/\/www.azunlarenerji.com\/wp-content\/uploads\/2025\/08\/WhatsApp-Image-2025-08-14-at-00.46.51-1-768x1364.jpeg 768w, https:\/\/www.azunlarenerji.com\/wp-content\/uploads\/2025\/08\/WhatsApp-Image-2025-08-14-at-00.46.51-1-865x1536.jpeg 865w, https:\/\/www.azunlarenerji.com\/wp-content\/uploads\/2025\/08\/WhatsApp-Image-2025-08-14-at-00.46.51-1.jpeg 901w\" sizes=\"auto, (max-width: 577px) 100vw, 577px\" \/>\t\t\t\t\t\t\t\t\t\t\t\t\t\t\t\t\t\t\t\t\t\t\t\t\t\t<img loading=\"lazy\" decoding=\"async\" width=\"577\" height=\"1024\" src=\"https:\/\/www.azunlarenerji.com\/wp-content\/uploads\/2025\/08\/WhatsApp-Image-2025-08-14-at-00.46.51-2-577x1024.jpeg\" alt=\"\" srcset=\"https:\/\/www.azunlarenerji.com\/wp-content\/uploads\/2025\/08\/WhatsApp-Image-2025-08-14-at-00.46.51-2-577x1024.jpeg 577w, https:\/\/www.azunlarenerji.com\/wp-content\/uploads\/2025\/08\/WhatsApp-Image-2025-08-14-at-00.46.51-2-169x300.jpeg 169w, https:\/\/www.azunlarenerji.com\/wp-content\/uploads\/2025\/08\/WhatsApp-Image-2025-08-14-at-00.46.51-2-768x1364.jpeg 768w, https:\/\/www.azunlarenerji.com\/wp-content\/uploads\/2025\/08\/WhatsApp-Image-2025-08-14-at-00.46.51-2-865x1536.jpeg 865w, https:\/\/www.azunlarenerji.com\/wp-content\/uploads\/2025\/08\/WhatsApp-Image-2025-08-14-at-00.46.51-2.jpeg 901w\" sizes=\"auto, (max-width: 577px) 100vw, 577px\" \/>\t\t\t\t\t\t\t\t\t\t\t\t\t\t\t\t\t\t\t\t\t\t\t\t\t\t<img loading=\"lazy\" decoding=\"async\" width=\"577\" height=\"1024\" src=\"https:\/\/www.azunlarenerji.com\/wp-content\/uploads\/2025\/08\/WhatsApp-Image-2025-08-14-at-00.46.51-577x1024.jpeg\" alt=\"\" srcset=\"https:\/\/www.azunlarenerji.com\/wp-content\/uploads\/2025\/08\/WhatsApp-Image-2025-08-14-at-00.46.51-577x1024.jpeg 577w, https:\/\/www.azunlarenerji.com\/wp-content\/uploads\/2025\/08\/WhatsApp-Image-2025-08-14-at-00.46.51-169x300.jpeg 169w, https:\/\/www.azunlarenerji.com\/wp-content\/uploads\/2025\/08\/WhatsApp-Image-2025-08-14-at-00.46.51-768x1362.jpeg 768w, https:\/\/www.azunlarenerji.com\/wp-content\/uploads\/2025\/08\/WhatsApp-Image-2025-08-14-at-00.46.51-866x1536.jpeg 866w, https:\/\/www.azunlarenerji.com\/wp-content\/uploads\/2025\/08\/WhatsApp-Image-2025-08-14-at-00.46.51.jpeg 902w\" sizes=\"auto, (max-width: 577px) 100vw, 577px\" \/>\t\t\t\t\t\t\t\t\t\t\t\t\t\t\t\t\t\t\t\t\t\t\t\t\t\t<img loading=\"lazy\" decoding=\"async\" width=\"577\" height=\"1024\" src=\"https:\/\/www.azunlarenerji.com\/wp-content\/uploads\/2025\/08\/WhatsApp-Image-2025-08-14-at-00.48.46-577x1024.jpeg\" alt=\"\" srcset=\"https:\/\/www.azunlarenerji.com\/wp-content\/uploads\/2025\/08\/WhatsApp-Image-2025-08-14-at-00.48.46-577x1024.jpeg 577w, https:\/\/www.azunlarenerji.com\/wp-content\/uploads\/2025\/08\/WhatsApp-Image-2025-08-14-at-00.48.46-169x300.jpeg 169w, https:\/\/www.azunlarenerji.com\/wp-content\/uploads\/2025\/08\/WhatsApp-Image-2025-08-14-at-00.48.46-768x1362.jpeg 768w, https:\/\/www.azunlarenerji.com\/wp-content\/uploads\/2025\/08\/WhatsApp-Image-2025-08-14-at-00.48.46-866x1536.jpeg 866w, https:\/\/www.azunlarenerji.com\/wp-content\/uploads\/2025\/08\/WhatsApp-Image-2025-08-14-at-00.48.46.jpeg 902w\" sizes=\"auto, (max-width: 577px) 100vw, 577px\" \/><\/p>\n","protected":false},"excerpt":{"rendered":"<p>Her Sekt\u00f6r i\u00e7in \u00dcr\u00fcnler \u00dcr\u00fcnler<\/p>\n","protected":false},"author":1,"featured_media":0,"parent":0,"menu_order":0,"comment_status":"closed","ping_status":"closed","template":"","meta":{"_kad_post_transparent":"","_kad_post_title":"hide","_kad_post_layout":"fullwidth","_kad_post_sidebar_id":"","_kad_post_content_style":"unboxed","_kad_post_vertical_padding":"hide","_kad_post_feature":"hide","_kad_post_feature_position":"","_kad_post_header":false,"_kad_post_footer":false,"_kad_post_classname":"","footnotes":""},"class_list":["post-390","page","type-page","status-publish","hentry"],"_links":{"self":[{"href":"https:\/\/www.azunlarenerji.com\/index.php?rest_route=\/wp\/v2\/pages\/390","targetHints":{"allow":["GET"]}}],"collection":[{"href":"https:\/\/www.azunlarenerji.com\/index.php?rest_route=\/wp\/v2\/pages"}],"about":[{"href":"https:\/\/www.azunlarenerji.com\/index.php?rest_route=\/wp\/v2\/types\/page"}],"author":[{"embeddable":true,"href":"https:\/\/www.azunlarenerji.com\/index.php?rest_route=\/wp\/v2\/users\/1"}],"replies":[{"embeddable":true,"href":"https:\/\/www.azunlarenerji.com\/index.php?rest_route=%2Fwp%2Fv2%2Fcomments&post=390"}],"version-history":[{"count":28,"href":"https:\/\/www.azunlarenerji.com\/index.php?rest_route=\/wp\/v2\/pages\/390\/revisions"}],"predecessor-version":[{"id":620,"href":"https:\/\/www.azunlarenerji.com\/index.php?rest_route=\/wp\/v2\/pages\/390\/revisions\/620"}],"wp:attachment":[{"href":"https:\/\/www.azunlarenerji.com\/index.php?rest_route=%2Fwp%2Fv2%2Fmedia&parent=390"}],"curies":[{"name":"wp","href":"https:\/\/api.w.org\/{rel}","templated":true}]}}